    {"id":2718,"date":"2016-10-25T23:38:18","date_gmt":"2017-02-18T08:35:13","guid":{"rendered":"http:\/\/ascpas.org\/thank-you\/"},"modified":"2017-07-16T14:17:30","modified_gmt":"2017-07-16T18:17:30","slug":"gracias","status":"publish","type":"page","link":"https:\/\/ascpas.org\/es\/gracias\/","title":{"rendered":"Gracias"},"content":{"rendered":"<p>[vc_row rt_row_background_width=&#8221;default&#8221; rt_row_style=&#8221;default-style&#8221; rt_row_borders=&#8221;&#8221; rt_row_paddings=&#8221;true&#8221; rt_bg_effect=&#8221;classic&#8221; rt_bg_image_repeat=&#8221;repeat&#8221; rt_bg_size=&#8221;cover&#8221; rt_bg_position=&#8221;right top&#8221; rt_bg_attachment=&#8221;scroll&#8221; rt_bg_video_format=&#8221;self-hosted&#8221; miscellaneous=&#8221;true&#8221; gap=&#8221;remove-gap&#8221; padding=&#8221;no-padding&#8221;][vc_column rt_wrp_col_paddings=&#8221;false&#8221; rt_border_top=&#8221;&#8221; rt_border_bottom=&#8221;&#8221; rt_border_left=&#8221;&#8221; rt_border_right=&#8221;&#8221; rt_border_top_mobile=&#8221;&#8221; rt_border_bottom_mobile=&#8221;&#8221; rt_border_left_mobile=&#8221;&#8221; rt_border_right_mobile=&#8221;&#8221; rt_bg_image_repeat=&#8221;repeat&#8221; rt_bg_size=&#8221;auto auto&#8221; rt_bg_position=&#8221;right top&#8221; rt_bg_attachment=&#8221;scroll&#8221;][vc_column_text]<\/p>\n<h5 style=\"font-size: 18px; color: #000a45;\">Gracias por registrarse. Antes de que usted pueda\u00a0completar su aplicaci\u00f3n, necesitaremos que usted active su inscripci\u00f3n haciendo clic en el enlace de activaci\u00f3n en el correio electr\u00f3nico que acabamos de enviar.<\/h5>\n<p>&nbsp;<\/p>\n<h5 style=\"font-size: 18px; color: #000a45;\">Elija abajo uno de los gestores de correo electr\u00f3nico para activar su inscripci\u00f3n. Haciendo clic en el enlace elegido, una nueva pesta\u00f1a en su navegador ser\u00e1 abierta para acceder a su correo electr\u00f3nico. Si tiene otro gesti\u00f3n de correio electr\u00f3nico de su preferencia que no est\u00e9 representado m\u00e1s abajo, lo use en otra pesta\u00f1a de navegaci\u00f3n.<\/h5>\n<p>&nbsp;<\/p>\n<h5 style=\"font-size: 18px; color: #000a45;\">Si usted no recibe el correo electr\u00f3nico para confirmar la cuenta que usted registr\u00f3, por favor, verifique su carpeta de correo electr\u00f3nico no deseado.<\/h5>\n<p>[\/vc_column_text][\/vc_column][\/vc_row][vc_row rt_row_background_width=&#8221;default&#8221; rt_row_style=&#8221;default-style&#8221; rt_row_borders=&#8221;&#8221; rt_row_paddings=&#8221;true&#8221; rt_bg_effect=&#8221;classic&#8221; rt_bg_image_repeat=&#8221;repeat&#8221; rt_bg_size=&#8221;cover&#8221; rt_bg_position=&#8221;right top&#8221; rt_bg_attachment=&#8221;scroll&#8221; rt_bg_video_format=&#8221;self-hosted&#8221;][vc_column width=&#8221;1\/4&#8243; rt_wrp_col_paddings=&#8221;false&#8221; rt_border_top=&#8221;&#8221; rt_border_bottom=&#8221;&#8221; rt_border_left=&#8221;&#8221; rt_border_right=&#8221;&#8221; rt_border_top_mobile=&#8221;&#8221; rt_border_bottom_mobile=&#8221;&#8221; rt_border_left_mobile=&#8221;&#8221; rt_border_right_mobile=&#8221;&#8221; rt_bg_image_repeat=&#8221;repeat&#8221; rt_bg_size=&#8221;auto auto&#8221; rt_bg_position=&#8221;right top&#8221; rt_bg_attachment=&#8221;scroll&#8221;][vc_raw_html]JTNDYSUyMGhyZWYlM0QlMjJodHRwcyUzQSUyRiUyRnd3dy5nb29nbGUuY29tJTJGZ21haWwlMkYlMjIlMjB0YXJnZXQlM0QlMjJfYmxhbmslMjIlM0UlM0NwJTIwYWxpZ24lM0QlMjJjZW50ZXIlMjIlM0UlM0NpbWclMjBzcmMlM0QlMjJodHRwcyUzQSUyRiUyRnd3dy5hc2NwYXMub3JnJTJGd3AtY29udGVudCUyRnVwbG9hZHMlMkYyMDE2JTJGMTAlMkZnbWFpbC1pY29uLnBuZyUyMiUyMCUyRiUzRSUzQyUyRnAlM0UlMEElM0NwJTIwYWxpZ24lM0QlMjJjZW50ZXIlMjIlMjBzdHlsZSUzRCUyMmNvbG9yJTNBJTIwJTIzYTYwOTA5JTNCJTIyJTNFJTNDc3Ryb25nJTNFR21haWwlM0MlMkZzdHJvbmclM0UlM0MlMkZwJTNFJTNDJTJGYSUzRQ==[\/vc_raw_html][\/vc_column][vc_column width=&#8221;1\/4&#8243; rt_wrp_col_paddings=&#8221;false&#8221; rt_border_top=&#8221;&#8221; rt_border_bottom=&#8221;&#8221; rt_border_left=&#8221;&#8221; rt_border_right=&#8221;&#8221; rt_border_top_mobile=&#8221;&#8221; rt_border_bottom_mobile=&#8221;&#8221; rt_border_left_mobile=&#8221;&#8221; rt_border_right_mobile=&#8221;&#8221; rt_bg_image_repeat=&#8221;repeat&#8221; rt_bg_size=&#8221;auto auto&#8221; rt_bg_position=&#8221;right top&#8221; rt_bg_attachment=&#8221;scroll&#8221;][vc_raw_html]JTNDYSUyMGhyZWYlM0QlMjJodHRwcyUzQSUyRiUyRmxvZ2luLnlhaG9vLmNvbSUyRmNvbmZpZyUyRm1haWwlMkYlMjIlMjB0YXJnZXQlM0QlMjJfYmxhbmslMjIlM0UlM0NwJTIwYWxpZ24lM0QlMjJjZW50ZXIlMjIlM0UlM0NpbWclMjBzcmMlM0QlMjJodHRwcyUzQSUyRiUyRnd3dy5hc2NwYXMub3JnJTJGd3AtY29udGVudCUyRnVwbG9hZHMlMkYyMDE2JTJGMTAlMkZ5YWhvby1pY29uLnBuZyUyMiUyMCUyRiUzRSUzQyUyRnAlM0UlMEElM0NwJTIwYWxpZ24lM0QlMjJjZW50ZXIlMjIlMjBzdHlsZSUzRCUyMmNvbG9yJTNBJTIwJTIzODMwNGIzJTNCJTIyJTNFJTNDc3Ryb25nJTNFWWFob28lMjElMjBNYWlsJTNDJTJGc3Ryb25nJTNFJTNDJTJGcCUzRSUzQyUyRmElM0U=[\/vc_raw_html][\/vc_column][vc_column width=&#8221;1\/4&#8243; rt_wrp_col_paddings=&#8221;false&#8221; rt_border_top=&#8221;&#8221; rt_border_bottom=&#8221;&#8221; rt_border_left=&#8221;&#8221; rt_border_right=&#8221;&#8221; rt_border_top_mobile=&#8221;&#8221; rt_border_bottom_mobile=&#8221;&#8221; rt_border_left_mobile=&#8221;&#8221; rt_border_right_mobile=&#8221;&#8221; rt_bg_image_repeat=&#8221;repeat&#8221; rt_bg_size=&#8221;auto auto&#8221; rt_bg_position=&#8221;right top&#8221; rt_bg_attachment=&#8221;scroll&#8221;][vc_raw_html]JTNDYSUyMGhyZWYlM0QlMjJodHRwcyUzQSUyRiUyRmxvZ2luLmxpdmUuY29tJTJGJTIyJTIwdGFyZ2V0JTNEJTIyX2JsYW5rJTIyJTNFJTNDcCUyMGFsaWduJTNEJTIyY2VudGVyJTIyJTNFJTNDaW1nJTIwc3JjJTNEJTIyaHR0cHMlM0ElMkYlMkZ3d3cuYXNjcGFzLm9yZyUyRndwLWNvbnRlbnQlMkZ1cGxvYWRzJTJGMjAxNiUyRjEwJTJGaG90bWFpbC1pY29uLnBuZyUyMiUyMCUyRiUzRSUzQyUyRnAlM0UlMEElM0NwJTIwYWxpZ24lM0QlMjJjZW50ZXIlMjIlMjBzdHlsZSUzRCUyMmNvbG9yJTNBJTIwJTIzZTE2OTAwJTNCJTIyJTNFJTNDc3Ryb25nJTNFSG90bWFpbCUzQyUyRnN0cm9uZyUzRSUzQyUyRnAlM0UlM0MlMkZhJTNF[\/vc_raw_html][\/vc_column][vc_column width=&#8221;1\/4&#8243; rt_wrp_col_paddings=&#8221;false&#8221; rt_border_top=&#8221;&#8221; rt_border_bottom=&#8221;&#8221; rt_border_left=&#8221;&#8221; rt_border_right=&#8221;&#8221; rt_border_top_mobile=&#8221;&#8221; rt_border_bottom_mobile=&#8221;&#8221; rt_border_left_mobile=&#8221;&#8221; rt_border_right_mobile=&#8221;&#8221; rt_bg_image_repeat=&#8221;repeat&#8221; rt_bg_size=&#8221;auto auto&#8221; rt_bg_position=&#8221;right top&#8221; rt_bg_attachment=&#8221;scroll&#8221;][vc_raw_html]JTNDYSUyMGhyZWYlM0QlMjJodHRwcyUzQSUyRiUyRnd3dy5ob3RtYWlsLmNvbSUyRiUyMiUyMHRhcmdldCUzRCUyMl9ibGFuayUyMiUzRSUzQ3AlMjBhbGlnbiUzRCUyMmNlbnRlciUyMiUzRSUzQ2ltZyUyMHNyYyUzRCUyMmh0dHBzJTNBJTJGJTJGd3d3LmFzY3Bhcy5vcmclMkZ3cC1jb250ZW50JTJGdXBsb2FkcyUyRjIwMTYlMkYxMCUyRm91dGxvb2staWNvbi5wbmclMjIlMjAlMkYlM0UlM0MlMkZwJTNFJTBBJTNDcCUyMGFsaWduJTNEJTIyY2VudGVyJTIyJTIwc3R5bGUlM0QlMjJjb2xvciUzQSUyMCUyMzAwNjhiMiUzQiUyMiUzRSUzQ3N0cm9uZyUzRU91dGxvb2slM0MlMkZzdHJvbmclM0UlM0MlMkZwJTNFJTNDJTJGYSUzRQ==[\/vc_raw_html][\/vc_column][\/vc_row][vc_row rt_row_background_width=&#8221;default&#8221; rt_row_style=&#8221;default-style&#8221; rt_row_borders=&#8221;&#8221; rt_row_paddings=&#8221;true&#8221; rt_bg_effect=&#8221;classic&#8221; rt_bg_image_repeat=&#8221;repeat&#8221; rt_bg_size=&#8221;cover&#8221; rt_bg_position=&#8221;right top&#8221; rt_bg_attachment=&#8221;scroll&#8221; rt_bg_video_format=&#8221;self-hosted&#8221; miscellaneous=&#8221;true&#8221; gap=&#8221;remove-gap&#8221; padding=&#8221;no-padding&#8221;][vc_column width=&#8221;1\/4&#8243; rt_wrp_col_paddings=&#8221;false&#8221; rt_border_top=&#8221;&#8221; rt_border_bottom=&#8221;&#8221; rt_border_left=&#8221;&#8221; rt_border_right=&#8221;&#8221; rt_border_top_mobile=&#8221;&#8221; rt_border_bottom_mobile=&#8221;&#8221; rt_border_left_mobile=&#8221;&#8221; rt_border_right_mobile=&#8221;&#8221; rt_bg_image_repeat=&#8221;repeat&#8221; rt_bg_size=&#8221;auto auto&#8221; rt_bg_position=&#8221;right top&#8221; rt_bg_attachment=&#8221;scroll&#8221;][\/vc_column][vc_column width=&#8221;1\/2&#8243; rt_wrp_col_paddings=&#8221;false&#8221; rt_border_top=&#8221;&#8221; rt_border_bottom=&#8221;&#8221; rt_border_left=&#8221;&#8221; rt_border_right=&#8221;&#8221; rt_border_top_mobile=&#8221;&#8221; rt_border_bottom_mobile=&#8221;&#8221; rt_border_left_mobile=&#8221;&#8221; rt_border_right_mobile=&#8221;&#8221; rt_bg_image_repeat=&#8221;repeat&#8221; rt_bg_size=&#8221;auto auto&#8221; rt_bg_position=&#8221;right top&#8221; rt_bg_attachment=&#8221;scroll&#8221;][vc_column_text]<\/p>\n<div class=\"obrigado\" align=\"center\"><img decoding=\"async\" src=\"https:\/\/ascpas.org\/wp-content\/uploads\/2016\/10\/thumbs-up.png\" \/><\/div>\n<p class=\"seutempo\" align=\"center\"><strong>\u00a1Gracias por su tiempo!<\/strong><\/p>\n<p>[\/vc_column_text][\/vc_column][vc_column width=&#8221;1\/4&#8243; rt_wrp_col_paddings=&#8221;false&#8221; rt_border_top=&#8221;&#8221; rt_border_bottom=&#8221;&#8221; rt_border_left=&#8221;&#8221; rt_border_right=&#8221;&#8221; rt_border_top_mobile=&#8221;&#8221; rt_border_bottom_mobile=&#8221;&#8221; rt_border_left_mobile=&#8221;&#8221; rt_border_right_mobile=&#8221;&#8221; rt_bg_image_repeat=&#8221;repeat&#8221; rt_bg_size=&#8221;auto auto&#8221; rt_bg_position=&#8221;right top&#8221; rt_bg_attachment=&#8221;scroll&#8221;][\/vc_column][\/vc_row]<\/p>\n","protected":false},"excerpt":{"rendered":"<p>[vc_row rt_row_background_width=&#8221;default&#8221; rt_row_style=&#8221;default-style&#8221; rt_row_borders=&#8221;&#8221; rt_row_paddings=&#8221;true&#8221; rt_bg_effect=&#8221;classic&#8221; rt_bg_image_repeat=&#8221;repeat&#8221; rt_bg_size=&#8221;cover&#8221; rt_bg_position=&#8221;right top&#8221; rt_bg_attachment=&#8221;scroll&#8221; rt_bg_video_format=&#8221;self-hosted&#8221; miscellaneous=&#8221;true&#8221; gap=&#8221;remove-gap&#8221; padding=&#8221;no-padding&#8221;][vc_column rt_wrp_col_paddings=&#8221;false&#8221; rt_border_top=&#8221;&#8221; rt_border_bottom=&#8221;&#8221; rt_border_left=&#8221;&#8221; rt_border_right=&#8221;&#8221; rt_border_top_mobile=&#8221;&#8221; rt_border_bottom_mobile=&#8221;&#8221; rt_border_left_mobile=&#8221;&#8221; rt_border_right_mobile=&#8221;&#8221; rt_bg_image_repeat=&#8221;repeat&#8221; rt_bg_size=&#8221;auto auto&#8221; rt_bg_position=&#8221;right top&#8221; rt_bg_attachment=&#8221;scroll&#8221;][vc_column_text] Gracias por registrarse. Antes de que usted pueda\u00a0completar su aplicaci\u00f3n, necesitaremos que usted active su inscripci\u00f3n haciendo clic en el enlace de activaci\u00f3n en el [&hellip;]<\/p>\n","protected":false},"author":1,"featured_media":0,"parent":0,"menu_order":0,"comment_status":"closed","ping_status":"closed","template":"","meta":{"footnotes":""},"_links":{"self":[{"href":"https:\/\/ascpas.org\/es\/wp-json\/wp\/v2\/pages\/2718\/"}],"collection":[{"href":"https:\/\/ascpas.org\/es\/wp-json\/wp\/v2\/pages\/"}],"about":[{"href":"https:\/\/ascpas.org\/es\/wp-json\/wp\/v2\/types\/page\/"}],"author":[{"embeddable":true,"href":"https:\/\/ascpas.org\/es\/wp-json\/wp\/v2\/users\/1\/"}],"replies":[{"embeddable":true,"href":"https:\/\/ascpas.org\/es\/wp-json\/wp\/v2\/comments\/?post=2718"}],"version-history":[{"count":7,"href":"https:\/\/ascpas.org\/es\/wp-json\/wp\/v2\/pages\/2718\/revisions\/"}],"predecessor-version":[{"id":5968,"href":"https:\/\/ascpas.org\/es\/wp-json\/wp\/v2\/pages\/2718\/revisions\/5968\/"}],"wp:attachment":[{"href":"https:\/\/ascpas.org\/es\/wp-json\/wp\/v2\/media\/?parent=2718"}],"curies":[{"name":"wp","href":"https:\/\/api.w.org\/{rel}","templated":true}]}}