    {"id":6964,"date":"2017-10-01T07:05:44","date_gmt":"2017-10-01T11:05:44","guid":{"rendered":"https:\/\/www.ascpas.org\/donations-and-grants\/"},"modified":"2018-02-28T14:37:49","modified_gmt":"2018-02-28T19:37:49","slug":"donaciones","status":"publish","type":"page","link":"https:\/\/ascpas.org\/es\/donaciones\/","title":{"rendered":"Donaciones"},"content":{"rendered":"<p>[vc_row rt_row_background_width=&#8221;default&#8221; rt_row_style=&#8221;default-style&#8221; rt_row_borders=&#8221;&#8221; rt_row_paddings=&#8221;true&#8221; rt_bg_effect=&#8221;classic&#8221; rt_bg_image_repeat=&#8221;repeat&#8221; rt_bg_size=&#8221;cover&#8221; rt_bg_position=&#8221;right top&#8221; rt_bg_attachment=&#8221;scroll&#8221; rt_bg_video_format=&#8221;self-hosted&#8221;][vc_column rt_wrp_col_paddings=&#8221;false&#8221; rt_border_top=&#8221;&#8221; rt_border_bottom=&#8221;&#8221; rt_border_left=&#8221;&#8221; rt_border_right=&#8221;&#8221; rt_border_top_mobile=&#8221;&#8221; rt_border_bottom_mobile=&#8221;&#8221; rt_border_left_mobile=&#8221;&#8221; rt_border_right_mobile=&#8221;&#8221; rt_bg_image_repeat=&#8221;repeat&#8221; rt_bg_size=&#8221;auto auto&#8221; rt_bg_position=&#8221;right top&#8221; rt_bg_attachment=&#8221;scroll&#8221;][vc_raw_html]JTNDcCUyMGNsYXNzJTNEJTIyb3VyLWltZyUyMiUyMGFsaWduJTNEJTIyY2VudGVyJTIyJTNFJTNDaW1nJTIwc3R5bGUlM0QlMjJib3JkZXIlM0ElMjAxcHglMjBzb2xpZCUyMCUyMzc1MDAwMCUyMiUyMGNsYXNzJTNEJTIyc2l6ZS1sYXJnZSUyMHdwLWltYWdlLTUyNTQlMjBhbGlnbmNlbnRlciUyMiUyMHNyYyUzRCUyMmh0dHBzJTNBJTJGJTJGd3d3LmFzY3Bhcy5vcmclMkZ3cC1jb250ZW50JTJGdXBsb2FkcyUyRjIwMTclMkYxMCUyRmRvbmF0aW9ucy0zMDB4MjAwLmpwZyUyMiUyMGFsdCUzRCUyMiUyMiUyMCUyRiUzRSUzQyUyRnAlM0U=[\/vc_raw_html][vc_column_text]La <b>Asociaci\u00f3n de Capellanes y Pastores (ASCPAS)<\/b> es una organizaci\u00f3n religiosa sin fines de lucro. Su contribuci\u00f3n a la asociaci\u00f3n ayudar\u00e1 a nuestros proyectos religiosos y sociales. Nosotros aceptamos donaciones de todos los tipos para apoyar nuestro trabajo. Todas las donaciones ser\u00e1n dirigidas a las \u00e1reas de mayor necesidad. Al hacer una donaci\u00f3n, usted nos puede ayudar a cambiar la vida de las personas para mejor.[\/vc_column_text]<div class=\"rt_heading_wrapper style-3\">\n\t\t\t\t\t\t<h2 class=\"rt_heading  style-3\"  style=\"margin-top:30px;\"><span class=\"icon-heart-1 heading_icon\"><\/span>Donaci\u00f3n En L\u00ednea<\/h2>\n\t\t\t\t\t<\/div>[vc_column_text]<\/p>\n<p align=\"center\">Usted puede hacer una donaci\u00f3n en l\u00ednea a trav\u00e9s de nuestro formulario de donaci\u00f3n. El valor m\u00ednimo para cada donaci\u00f3n es de $10. <a href=\"https:\/\/ascpas.org\/register\/\">Usted deber\u00e1 registrarse primero antes de hacer una donaci\u00f3n en l\u00ednea.<\/a><\/p>\n<p>[fp_donation_form][\/vc_column_text][\/vc_column][\/vc_row]<\/p>\n","protected":false},"excerpt":{"rendered":"<p>[vc_row rt_row_background_width=&#8221;default&#8221; rt_row_style=&#8221;default-style&#8221; rt_row_borders=&#8221;&#8221; rt_row_paddings=&#8221;true&#8221; rt_bg_effect=&#8221;classic&#8221; rt_bg_image_repeat=&#8221;repeat&#8221; rt_bg_size=&#8221;cover&#8221; rt_bg_position=&#8221;right top&#8221; rt_bg_attachment=&#8221;scroll&#8221; rt_bg_video_format=&#8221;self-hosted&#8221;][vc_column rt_wrp_col_paddings=&#8221;false&#8221; rt_border_top=&#8221;&#8221; rt_border_bottom=&#8221;&#8221; rt_border_left=&#8221;&#8221; rt_border_right=&#8221;&#8221; rt_border_top_mobile=&#8221;&#8221; rt_border_bottom_mobile=&#8221;&#8221; rt_border_left_mobile=&#8221;&#8221; rt_border_right_mobile=&#8221;&#8221; rt_bg_image_repeat=&#8221;repeat&#8221; rt_bg_size=&#8221;auto auto&#8221; rt_bg_position=&#8221;right top&#8221; rt_bg_attachment=&#8221;scroll&#8221;][vc_raw_html]JTNDcCUyMGNsYXNzJTNEJTIyb3VyLWltZyUyMiUyMGFsaWduJTNEJTIyY2VudGVyJTIyJTNFJTNDaW1nJTIwc3R5bGUlM0QlMjJib3JkZXIlM0ElMjAxcHglMjBzb2xpZCUyMCUyMzc1MDAwMCUyMiUyMGNsYXNzJTNEJTIyc2l6ZS1sYXJnZSUyMHdwLWltYWdlLTUyNTQlMjBhbGlnbmNlbnRlciUyMiUyMHNyYyUzRCUyMmh0dHBzJTNBJTJGJTJGd3d3LmFzY3Bhcy5vcmclMkZ3cC1jb250ZW50JTJGdXBsb2FkcyUyRjIwMTclMkYxMCUyRmRvbmF0aW9ucy0zMDB4MjAwLmpwZyUyMiUyMGFsdCUzRCUyMiUyMiUyMCUyRiUzRSUzQyUyRnAlM0U=[\/vc_raw_html][vc_column_text]La Asociaci\u00f3n de Capellanes y Pastores (ASCPAS) es una organizaci\u00f3n religiosa sin fines de lucro. Su contribuci\u00f3n a la asociaci\u00f3n ayudar\u00e1 a nuestros proyectos religiosos y sociales. Nosotros aceptamos [&hellip;]<\/p>\n","protected":false},"author":1,"featured_media":0,"parent":0,"menu_order":0,"comment_status":"closed","ping_status":"closed","template":"","meta":{"footnotes":""},"_links":{"self":[{"href":"https:\/\/ascpas.org\/es\/wp-json\/wp\/v2\/pages\/6964\/"}],"collection":[{"href":"https:\/\/ascpas.org\/es\/wp-json\/wp\/v2\/pages\/"}],"about":[{"href":"https:\/\/ascpas.org\/es\/wp-json\/wp\/v2\/types\/page\/"}],"author":[{"embeddable":true,"href":"https:\/\/ascpas.org\/es\/wp-json\/wp\/v2\/users\/1\/"}],"replies":[{"embeddable":true,"href":"https:\/\/ascpas.org\/es\/wp-json\/wp\/v2\/comments\/?post=6964"}],"version-history":[{"count":9,"href":"https:\/\/ascpas.org\/es\/wp-json\/wp\/v2\/pages\/6964\/revisions\/"}],"predecessor-version":[{"id":8345,"href":"https:\/\/ascpas.org\/es\/wp-json\/wp\/v2\/pages\/6964\/revisions\/8345\/"}],"wp:attachment":[{"href":"https:\/\/ascpas.org\/es\/wp-json\/wp\/v2\/media\/?parent=6964"}],"curies":[{"name":"wp","href":"https:\/\/api.w.org\/{rel}","templated":true}]}}