    {"id":2424,"date":"2017-02-01T08:35:40","date_gmt":"2017-02-06T09:03:05","guid":{"rendered":"http:\/\/ascpas.org\/about-ascpas\/"},"modified":"2019-04-16T23:52:57","modified_gmt":"2019-04-17T03:52:57","slug":"sobre-a-ascpas","status":"publish","type":"page","link":"https:\/\/ascpas.org\/pt-br\/sobre-a-ascpas\/","title":{"rendered":"Sobre a ASCPAS"},"content":{"rendered":"<p>[vc_row rt_row_background_width=&#8221;default&#8221; rt_row_style=&#8221;default-style&#8221; rt_row_borders=&#8221;&#8221; rt_row_paddings=&#8221;true&#8221; rt_bg_effect=&#8221;classic&#8221; rt_bg_image_repeat=&#8221;repeat&#8221; rt_bg_size=&#8221;cover&#8221; rt_bg_position=&#8221;right top&#8221; rt_bg_attachment=&#8221;scroll&#8221; rt_bg_video_format=&#8221;self-hosted&#8221;][vc_column rt_wrp_col_paddings=&#8221;false&#8221; rt_border_top=&#8221;&#8221; rt_border_bottom=&#8221;&#8221; rt_border_left=&#8221;&#8221; rt_border_right=&#8221;&#8221; rt_border_top_mobile=&#8221;&#8221; rt_border_bottom_mobile=&#8221;&#8221; rt_border_left_mobile=&#8221;&#8221; rt_border_right_mobile=&#8221;&#8221; rt_bg_image_repeat=&#8221;repeat&#8221; rt_bg_size=&#8221;auto auto&#8221; rt_bg_position=&#8221;right top&#8221; rt_bg_attachment=&#8221;scroll&#8221;]<div class=\"rt_heading_wrapper style-3\">\n\t\t\t\t\t\t<h2 class=\"rt_heading  style-3\" ><span class=\"icon-info-circled heading_icon\"><\/span>Nossa Associa\u00e7\u00e3o<\/h2>\n\t\t\t\t\t<\/div>[vc_raw_html]JTNDcCUyMGNsYXNzJTNEJTIyb3VyLWltZyUyMiUyMGFsaWduJTNEJTIycmlnaHQlMjIlM0UlM0NpbWclMjBzdHlsZSUzRCUyMmJvcmRlciUzQSUyMDFweCUyMHNvbGlkJTIwJTIzNzUwMDAwJTIyJTIwY2xhc3MlM0QlMjJzaXplLW1lZGl1bSUyMHdwLWltYWdlLTUyNTQlMjBhbGlnbmxlZnQlMjIlMjBzcmMlM0QlMjJodHRwcyUzQSUyRiUyRnd3dy5hc2NwYXMub3JnJTJGd3AtY29udGVudCUyRnVwbG9hZHMlMkYyMDE3JTJGMDIlMkZhc2NwYXMtd29ybGQtMzAweDI0My5qcGclMjIlMjBhbHQlM0QlMjIlMjIlMjB3aWR0aCUzRCUyMjMwMCUyMiUyMGhlaWdodCUzRCUyMjI0MyUyMiUyMCUyRiUzRSUzQyUyRnAlM0UlMEElM0NwJTIwYWxpZ24lM0QlMjJsZWZ0JTIyJTNFJTNDYnIlM0UlM0NiciUzRSUzQ2JyJTNFJTBBQSUyMCUzQ2IlM0VBc3NvY2lhJUMzJUE3JUMzJUEzbyUyMGRlJTIwQ2FwZWwlQzMlQTNlcyUyMGUlMjBQYXN0b3JlcyUyMCUyOEFTQ1BBUyUyOSUzQyUyRmIlM0UlMjAlQzMlQTklMjB1bWElMjBvcmdhbml6YSVDMyVBNyVDMyVBM28lMjByZWxpZ2lvc2ElMjBkZWRpY2FkYSUyMCVDMyVBMCUyMGNhcmlkYWRlJTJDJTIwdHJhYmFsaG8lMjBzb2NpYWwlMjBlJTIwcmVsaWdpb3NvJTJDJTIwYXNzaXN0JUMzJUFBbmNpYSUyMGVzcGlyaXR1YWwlMjBlJTIwcHNpY29sJUMzJUIzZ2ljYSUyQyUyMG1pbmlzdCVDMyVBOXJpbyUyQyUyMGUlMjBlZHVjYSVDMyVBNyVDMyVBM28uJTIwQ29tJTIwc2VkZSUyMG5vcyUyMEVzdGFkb3MlMjBVbmlkb3MlMkMlMjBhJTIwQVNDUEFTJTIwJUMzJUE5JTIwcmVwcmVzZW50YWRhJTIwZW0lMjB2JUMzJUExcmlvcyUyMHBhJUMzJUFEc2VzJTIwYW8lMjByZWRvciUyMGRvJTIwbXVuZG8uJTIwTm9zc2ElMjBhc3NvY2lhJUMzJUE3JUMzJUEzbyUyMGZpbmFuY2lhJTIwZGl2ZXJzb3MlMjB0aXBvcyUyMGRlJTIwcHJvamV0b3MlMjBzb2NpYWlzJTIwZSUyMGNhcmlkYWRlcyUyMGVudm9sdmVuZG8lMjBhdmFuJUMzJUE3byUyMGRhJTIwcmVsaWdpJUMzJUEzbyUyQyUyMGF1eCVDMyVBRGxpbyUyMGFvcyUyMHBvYnJlcyUyQyUyMGFzc2lzdCVDMyVBQW5jaWElMjBtJUMzJUE5ZGljYSUyQyUyMGRlc2Vudm9sdmltZW50byUyMGVkdWNhY2lvbmFsJTIwZSUyMGNvbnNlcnZhJUMzJUE3JUMzJUEzbyUyMGFtYmllbnRhbC4lMjBOb3Nzb3MlMjBtZW1icm9zJTIwdHJhYmFsaGFtJTIwcGFyYSUyMG1lbGhvcmFyJTIwYSUyMHF1YWxpZGFkZSUyMGRlJTIwdmlkYSUyMGRlJTIwcGVzc29hcyUyMGRlc3ByaXZpbGVnaWFkYXMlMjBlJTIwY29tdW5pZGFkZXMlMjBtYXJnaW5hbGl6YWRhcyUyQyUyMGUlMjBleHBhbmRpciUyMG8lMjBhbGNhbmNlJTIwZGUlMjBub3NzbyUyMHRyYWJhbGhvJTIwcmVsaWdpb3NvJTIwZSUyMHNvY2lhbC4lM0MlMkZwJTNFJTBB[\/vc_raw_html]<div class=\"rt_heading_wrapper style-3\">\n\t\t\t\t\t\t<h2 class=\"rt_heading  style-3\"  style=\"margin-top:30px;\"><span class=\"icon-briefcase heading_icon\"><\/span>Fun\u00e7\u00f5es e Minist\u00e9rios<\/h2>\n\t\t\t\t\t<\/div><div class=\"rt_heading_wrapper style-5\">\n\t\t\t\t\t\t<h3 class=\"rt_heading  style-5\" ><span class=\"icon-flag heading_icon\"><\/span>Capelania Internacional<\/h3>\n\t\t\t\t\t<\/div>[vc_raw_html]JTNDcCUyMGFsaWduJTNEJTIycmlnaHQlMjIlM0UlM0NpbWclMjBzdHlsZSUzRCUyMmJvcmRlciUzQSUyMDFweCUyMHNvbGlkJTIwJTIzNzUwMDAwJTIyJTIwY2xhc3MlM0QlMjJzaXplLW1lZGl1bSUyMHdwLWltYWdlLTUyNjYlMjBhbGlnbmxlZnQlMjIlMjBzcmMlM0QlMjJodHRwcyUzQSUyRiUyRnd3dy5hc2NwYXMub3JnJTJGd3AtY29udGVudCUyRnVwbG9hZHMlMkYyMDE3JTJGMDIlMkZpbnRlcm5hdGlvbmFsLWNoYXBsYWluY3ktaGVscC0zMDB4MjM2LmpwZyUyMiUyMGFsdCUzRCUyMiUyMiUyMHdpZHRoJTNEJTIyMzAwJTIyJTIwaGVpZ2h0JTNEJTIyMjM2JTIyJTIwJTJGJTNFJTNDJTJGcCUzRSUwQSUzQ3AlMjBhbGlnbiUzRCUyMmxlZnQlMjIlM0UlM0NiciUzRSUzQ2JyJTNFJTNDYnIlM0UlM0NiciUzRU5vc3NvJTIwdHJhYmFsaG8lMjBkZSUyMGNhcGVsYW5pYSUyMCVDMyVBOSUyMGludGVybmFjaW9uYWwlMjBlJTIwaW50ZXJkZW5vbWluYWNpb25hbC4lMjBOJUMzJUIzcyUyMHRyYWJhbGhhbW9zJTIwY29tJTIwdW1hJTIwZ3JhbmRlJTIwdmFyaWVkYWRlJTIwZGUlMjBzZXRvcmVzJTIwY29tbyUyMGVkdWNhJUMzJUE3JUMzJUEzbyUyQyUyMG1laW8tYW1iaWVudGUlMkMlMjBhc3Npc3QlQzMlQUFuY2lhJTIwbSVDMyVBOWRpY2ElMkMlMjBmb3IlQzMlQTdhcyUyMGFybWFkYXMlMkMlMjBjYXJjZXJhZ2VtJTJDJTIwZXNwb3J0ZXMlMjBlJTIwb3V0cm9zLiUzQyUyRnAlM0U=[\/vc_raw_html]<div class=\"rt_heading_wrapper style-5\">\n\t\t\t\t\t\t<h3 class=\"rt_heading  style-5\"  style=\"margin-top:50px;\"><span class=\"icon-cloud-sun heading_icon\"><\/span>Pastorado Internacional<\/h3>\n\t\t\t\t\t<\/div>[vc_raw_html]JTNDcCUyMGFsaWduJTNEJTIycmlnaHQlMjIlM0UlM0NpbWclMjBzdHlsZSUzRCUyMmJvcmRlciUzQSUyMDFweCUyMHNvbGlkJTIwJTIzNzUwMDAwJTIyJTIwY2xhc3MlM0QlMjJzaXplLW1lZGl1bSUyMHdwLWltYWdlLTUyNzIlMjBhbGlnbmxlZnQlMjIlMjBzcmMlM0QlMjJodHRwcyUzQSUyRiUyRnd3dy5hc2NwYXMub3JnJTJGd3AtY29udGVudCUyRnVwbG9hZHMlMkYyMDE3JTJGMDIlMkZwYXN0b3JhbC1jYXJlLTMwMHgyMzYuanBnJTIyJTIwYWx0JTNEJTIyJTIyJTIwd2lkdGglM0QlMjIzMDAlMjIlMjBoZWlnaHQlM0QlMjIyMzYlMjIlMjAlMkYlM0UlM0MlMkZwJTNFJTBBJTNDcCUyMGFsaWduJTNEJTIybGVmdCUyMiUzRSUzQ2JyJTNFJTNDYnIlM0UlM0NiciUzRSUzQ2JyJTNFTm9zc2FzJTIwbWlzcyVDMyVCNWVzJTIwZW52b2x2ZW5kbyUyMHBhc3RvcmFkbyUyMGludGVybmFjaW9uYWwlMjBjb21wYXJ0aWxoYW0lMjBhbGd1bWFzJTIwc2ltaWxhcmlkYWRlcyUyMGNvbSUyMG5vc3NvJTIwdHJhYmFsaG8lMjBkZSUyMGNhcGVsYW5pYSUyMGludGVybmFjaW9uYWwuJTIwTyUyMHRyYWJhbGhvJTIwZGUlMjBwYXN0b3JhZG8lMjAlQzMlQTklMjBtYWlzJTIwZm9jYWRvJTIwbmElMjBvcmllbnRhJUMzJUE3JUMzJUEzbyUyMGUlMjBhc3NpdCVDMyVBQW5jaWElMjBlc3Bpcml0dWFsJTIwJUMzJUEwcyUyMHBlc3NvYXMlMjBkZW50cm8lMjBkZSUyMG9yZ2FuaXphJUMzJUE3JUMzJUI1ZXMlMjByZWxpZ2lvc2FzJTIwY29tbyUyMGlncmVqYXMuJTNDJTJGcCUzRQ==[\/vc_raw_html]<div class=\"rt_heading_wrapper style-5\">\n\t\t\t\t\t\t<h3 class=\"rt_heading  style-5\"  style=\"margin-top:50px;\"><span class=\"icon-graduation-cap heading_icon\"><\/span>Educa\u00e7\u00e3o Teol\u00f3gica<\/h3>\n\t\t\t\t\t<\/div>[vc_raw_html]JTNDcCUyMGFsaWduJTNEJTIycmlnaHQlMjIlM0UlM0NpbWclMjBzdHlsZSUzRCUyMmJvcmRlciUzQSUyMDFweCUyMHNvbGlkJTIwJTIzNzUwMDAwJTIyJTIwY2xhc3MlM0QlMjJzaXplLW1lZGl1bSUyMHdwLWltYWdlLTUyODAlMjBhbGlnbmxlZnQlMjIlMjBzcmMlM0QlMjJodHRwcyUzQSUyRiUyRnd3dy5hc2NwYXMub3JnJTJGd3AtY29udGVudCUyRnVwbG9hZHMlMkYyMDE3JTJGMDIlMkZ0aGVvbG9naWNhbC1lZHVjYXRpb24tMzAweDIzNi5qcGclMjIlMjBhbHQlM0QlMjIlMjIlMjB3aWR0aCUzRCUyMjMwMCUyMiUyMGhlaWdodCUzRCUyMjIzNiUyMiUyMCUyRiUzRSUzQyUyRnAlM0UlMEElM0NwJTIwYWxpZ24lM0QlMjJsZWZ0JTIyJTNFJTNDYnIlM0UlM0NiciUzRSUzQ2JyJTNFJTNDYnIlM0VPZmVyZWNlbW9zJTIwY3Vyc29zJTIwdGVvbCVDMyVCM2dpY29zJTIwZW0lMjB2JUMzJUExcmlvcyUyMG4lQzMlQUR2ZWlzJTIwZSUyMGRpZmVyZW50ZXMlMjBtb2Rvcy4lMjBPcyUyMGN1cnNvcyUyMHBvZGVtJTIwc2VyJTIwY29tcGxldGFkb3MlMjBlbSUyMG5vc3NvJTIwc2lzdGVtYSUyMG9ubGluZS4lMjBQYXJhJTIwbWFpcyUyMGluZm9ybWElQzMlQTclQzMlQjVlcyUyMHNvYnJlJTIwbm9zc29zJTIwY3Vyc29zJTJDJTIwdmVyaWZpcXVlJTIwYXMlMjBwJUMzJUExZ2luYXMlMjBkb3MlMjBub3Nzb3MlMjBjdXJzb3MuJTNDJTJGcCUzRQ==[\/vc_raw_html][\/vc_column][\/vc_row]<\/p>\n","protected":false},"excerpt":{"rendered":"<p>[vc_row rt_row_background_width=&#8221;default&#8221; rt_row_style=&#8221;default-style&#8221; rt_row_borders=&#8221;&#8221; rt_row_paddings=&#8221;true&#8221; rt_bg_effect=&#8221;classic&#8221; rt_bg_image_repeat=&#8221;repeat&#8221; rt_bg_size=&#8221;cover&#8221; rt_bg_position=&#8221;right top&#8221; rt_bg_attachment=&#8221;scroll&#8221; rt_bg_video_format=&#8221;self-hosted&#8221;][vc_column rt_wrp_col_paddings=&#8221;false&#8221; rt_border_top=&#8221;&#8221; rt_border_bottom=&#8221;&#8221; rt_border_left=&#8221;&#8221; rt_border_right=&#8221;&#8221; rt_border_top_mobile=&#8221;&#8221; rt_border_bottom_mobile=&#8221;&#8221; rt_border_left_mobile=&#8221;&#8221; rt_border_right_mobile=&#8221;&#8221; rt_bg_image_repeat=&#8221;repeat&#8221; rt_bg_size=&#8221;auto auto&#8221; rt_bg_position=&#8221;right top&#8221; rt_bg_attachment=&#8221;scroll&#8221;][vc_raw_html]JTNDcCUyMGNsYXNzJTNEJTIyb3VyLWltZyUyMiUyMGFsaWduJTNEJTIycmlnaHQlMjIlM0UlM0NpbWclMjBzdHlsZSUzRCUyMmJvcmRlciUzQSUyMDFweCUyMHNvbGlkJTIwJTIzNzUwMDAwJTIyJTIwY2xhc3MlM0QlMjJzaXplLW1lZGl1bSUyMHdwLWltYWdlLTUyNTQlMjBhbGlnbmxlZnQlMjIlMjBzcmMlM0QlMjJodHRwcyUzQSUyRiUyRnd3dy5hc2NwYXMub3JnJTJGd3AtY29udGVudCUyRnVwbG9hZHMlMkYyMDE3JTJGMDIlMkZhc2NwYXMtd29ybGQtMzAweDI0My5qcGclMjIlMjBhbHQlM0QlMjIlMjIlMjB3aWR0aCUzRCUyMjMwMCUyMiUyMGhlaWdodCUzRCUyMjI0MyUyMiUyMCUyRiUzRSUzQyUyRnAlM0UlMEElM0NwJTIwYWxpZ24lM0QlMjJsZWZ0JTIyJTNFJTNDYnIlM0UlM0NiciUzRSUzQ2JyJTNFJTBBQSUyMCUzQ2IlM0VBc3NvY2lhJUMzJUE3JUMzJUEzbyUyMGRlJTIwQ2FwZWwlQzMlQTNlcyUyMGUlMjBQYXN0b3JlcyUyMCUyOEFTQ1BBUyUyOSUzQyUyRmIlM0UlMjAlQzMlQTklMjB1bWElMjBvcmdhbml6YSVDMyVBNyVDMyVBM28lMjByZWxpZ2lvc2ElMjBkZWRpY2FkYSUyMCVDMyVBMCUyMGNhcmlkYWRlJTJDJTIwdHJhYmFsaG8lMjBzb2NpYWwlMjBlJTIwcmVsaWdpb3NvJTJDJTIwYXNzaXN0JUMzJUFBbmNpYSUyMGVzcGlyaXR1YWwlMjBlJTIwcHNpY29sJUMzJUIzZ2ljYSUyQyUyMG1pbmlzdCVDMyVBOXJpbyUyQyUyMGUlMjBlZHVjYSVDMyVBNyVDMyVBM28uJTIwQ29tJTIwc2VkZSUyMG5vcyUyMEVzdGFkb3MlMjBVbmlkb3MlMkMlMjBhJTIwQVNDUEFTJTIwJUMzJUE5JTIwcmVwcmVzZW50YWRhJTIwZW0lMjB2JUMzJUExcmlvcyUyMHBhJUMzJUFEc2VzJTIwYW8lMjByZWRvciUyMGRvJTIwbXVuZG8uJTIwTm9zc2ElMjBhc3NvY2lhJUMzJUE3JUMzJUEzbyUyMGZpbmFuY2lhJTIwZGl2ZXJzb3MlMjB0aXBvcyUyMGRlJTIwcHJvamV0b3MlMjBzb2NpYWlzJTIwZSUyMGNhcmlkYWRlcyUyMGVudm9sdmVuZG8lMjBhdmFuJUMzJUE3byUyMGRhJTIwcmVsaWdpJUMzJUEzbyUyQyUyMGF1eCVDMyVBRGxpbyUyMGFvcyUyMHBvYnJlcyUyQyUyMGFzc2lzdCVDMyVBQW5jaWElMjBtJUMzJUE5ZGljYSUyQyUyMGRlc2Vudm9sdmltZW50byUyMGVkdWNhY2lvbmFsJTIwZSUyMGNvbnNlcnZhJUMzJUE3JUMzJUEzbyUyMGFtYmllbnRhbC4lMjBOb3Nzb3MlMjBtZW1icm9zJTIwdHJhYmFsaGFtJTIwcGFyYSUyMG1lbGhvcmFyJTIwYSUyMHF1YWxpZGFkZSUyMGRlJTIwdmlkYSUyMGRlJTIwcGVzc29hcyUyMGRlc3ByaXZpbGVnaWFkYXMlMjBlJTIwY29tdW5pZGFkZXMlMjBtYXJnaW5hbGl6YWRhcyUyQyUyMGUlMjBleHBhbmRpciUyMG8lMjBhbGNhbmNlJTIwZGUlMjBub3NzbyUyMHRyYWJhbGhvJTIwcmVsaWdpb3NvJTIwZSUyMHNvY2lhbC4lM0MlMkZwJTNFJTBB[\/vc_raw_html][vc_raw_html]JTNDcCUyMGFsaWduJTNEJTIycmlnaHQlMjIlM0UlM0NpbWclMjBzdHlsZSUzRCUyMmJvcmRlciUzQSUyMDFweCUyMHNvbGlkJTIwJTIzNzUwMDAwJTIyJTIwY2xhc3MlM0QlMjJzaXplLW1lZGl1bSUyMHdwLWltYWdlLTUyNjYlMjBhbGlnbmxlZnQlMjIlMjBzcmMlM0QlMjJodHRwcyUzQSUyRiUyRnd3dy5hc2NwYXMub3JnJTJGd3AtY29udGVudCUyRnVwbG9hZHMlMkYyMDE3JTJGMDIlMkZpbnRlcm5hdGlvbmFsLWNoYXBsYWluY3ktaGVscC0zMDB4MjM2LmpwZyUyMiUyMGFsdCUzRCUyMiUyMiUyMHdpZHRoJTNEJTIyMzAwJTIyJTIwaGVpZ2h0JTNEJTIyMjM2JTIyJTIwJTJGJTNFJTNDJTJGcCUzRSUwQSUzQ3AlMjBhbGlnbiUzRCUyMmxlZnQlMjIlM0UlM0NiciUzRSUzQ2JyJTNFJTNDYnIlM0UlM0NiciUzRU5vc3NvJTIwdHJhYmFsaG8lMjBkZSUyMGNhcGVsYW5pYSUyMCVDMyVBOSUyMGludGVybmFjaW9uYWwlMjBlJTIwaW50ZXJkZW5vbWluYWNpb25hbC4lMjBOJUMzJUIzcyUyMHRyYWJhbGhhbW9zJTIwY29tJTIwdW1hJTIwZ3JhbmRlJTIwdmFyaWVkYWRlJTIwZGUlMjBzZXRvcmVzJTIwY29tbyUyMGVkdWNhJUMzJUE3JUMzJUEzbyUyQyUyMG1laW8tYW1iaWVudGUlMkMlMjBhc3Npc3QlQzMlQUFuY2lhJTIwbSVDMyVBOWRpY2ElMkMlMjBmb3IlQzMlQTdhcyUyMGFybWFkYXMlMkMlMjBjYXJjZXJhZ2VtJTJDJTIwZXNwb3J0ZXMlMjBlJTIwb3V0cm9zLiUzQyUyRnAlM0U=[\/vc_raw_html][vc_raw_html]JTNDcCUyMGFsaWduJTNEJTIycmlnaHQlMjIlM0UlM0NpbWclMjBzdHlsZSUzRCUyMmJvcmRlciUzQSUyMDFweCUyMHNvbGlkJTIwJTIzNzUwMDAwJTIyJTIwY2xhc3MlM0QlMjJzaXplLW1lZGl1bSUyMHdwLWltYWdlLTUyNzIlMjBhbGlnbmxlZnQlMjIlMjBzcmMlM0QlMjJodHRwcyUzQSUyRiUyRnd3dy5hc2NwYXMub3JnJTJGd3AtY29udGVudCUyRnVwbG9hZHMlMkYyMDE3JTJGMDIlMkZwYXN0b3JhbC1jYXJlLTMwMHgyMzYuanBnJTIyJTIwYWx0JTNEJTIyJTIyJTIwd2lkdGglM0QlMjIzMDAlMjIlMjBoZWlnaHQlM0QlMjIyMzYlMjIlMjAlMkYlM0UlM0MlMkZwJTNFJTBBJTNDcCUyMGFsaWduJTNEJTIybGVmdCUyMiUzRSUzQ2JyJTNFJTNDYnIlM0UlM0NiciUzRSUzQ2JyJTNFTm9zc2FzJTIwbWlzcyVDMyVCNWVzJTIwZW52b2x2ZW5kbyUyMHBhc3RvcmFkbyUyMGludGVybmFjaW9uYWwlMjBjb21wYXJ0aWxoYW0lMjBhbGd1bWFzJTIwc2ltaWxhcmlkYWRlcyUyMGNvbSUyMG5vc3NvJTIwdHJhYmFsaG8lMjBkZSUyMGNhcGVsYW5pYSUyMGludGVybmFjaW9uYWwuJTIwTyUyMHRyYWJhbGhvJTIwZGUlMjBwYXN0b3JhZG8lMjAlQzMlQTklMjBtYWlzJTIwZm9jYWRvJTIwbmElMjBvcmllbnRhJUMzJUE3JUMzJUEzbyUyMGUlMjBhc3NpdCVDMyVBQW5jaWElMjBlc3Bpcml0dWFsJTIwJUMzJUEwcyUyMHBlc3NvYXMlMjBkZW50cm8lMjBkZSUyMG9yZ2FuaXphJUMzJUE3JUMzJUI1ZXMlMjByZWxpZ2lvc2FzJTIwY29tbyUyMGlncmVqYXMuJTNDJTJGcCUzRQ==[\/vc_raw_html][vc_raw_html]JTNDcCUyMGFsaWduJTNEJTIycmlnaHQlMjIlM0UlM0NpbWclMjBzdHlsZSUzRCUyMmJvcmRlciUzQSUyMDFweCUyMHNvbGlkJTIwJTIzNzUwMDAwJTIyJTIwY2xhc3MlM0QlMjJzaXplLW1lZGl1bSUyMHdwLWltYWdlLTUyODAlMjBhbGlnbmxlZnQlMjIlMjBzcmMlM0QlMjJodHRwcyUzQSUyRiUyRnd3dy5hc2NwYXMub3JnJTJGd3AtY29udGVudCUyRnVwbG9hZHMlMkYyMDE3JTJGMDIlMkZ0aGVvbG9naWNhbC1lZHVjYXRpb24tMzAweDIzNi5qcGclMjIlMjBhbHQlM0QlMjIlMjIlMjB3aWR0aCUzRCUyMjMwMCUyMiUyMGhlaWdodCUzRCUyMjIzNiUyMiUyMCUyRiUzRSUzQyUyRnAlM0UlMEElM0NwJTIwYWxpZ24lM0QlMjJsZWZ0JTIyJTNFJTNDYnIlM0UlM0NiciUzRSUzQ2JyJTNFJTNDYnIlM0VPZmVyZWNlbW9zJTIwY3Vyc29zJTIwdGVvbCVDMyVCM2dpY29zJTIwZW0lMjB2JUMzJUExcmlvcyUyMG4lQzMlQUR2ZWlzJTIwZSUyMGRpZmVyZW50ZXMlMjBtb2Rvcy4lMjBPcyUyMGN1cnNvcyUyMHBvZGVtJTIwc2VyJTIwY29tcGxldGFkb3MlMjBlbSUyMG5vc3NvJTIwc2lzdGVtYSUyMG9ubGluZS4lMjBQYXJhJTIwbWFpcyUyMGluZm9ybWElQzMlQTclQzMlQjVlcyUyMHNvYnJlJTIwbm9zc29zJTIwY3Vyc29zJTJDJTIwdmVyaWZpcXVlJTIwYXMlMjBwJUMzJUExZ2luYXMlMjBkb3MlMjBub3Nzb3MlMjBjdXJzb3MuJTNDJTJGcCUzRQ==[\/vc_raw_html][\/vc_column][\/vc_row]<\/p>\n","protected":false},"author":1,"featured_media":0,"parent":0,"menu_order":0,"comment_status":"closed","ping_status":"closed","template":"","meta":{"footnotes":""},"_links":{"self":[{"href":"https:\/\/ascpas.org\/pt-br\/wp-json\/wp\/v2\/pages\/2424\/"}],"collection":[{"href":"https:\/\/ascpas.org\/pt-br\/wp-json\/wp\/v2\/pages\/"}],"about":[{"href":"https:\/\/ascpas.org\/pt-br\/wp-json\/wp\/v2\/types\/page\/"}],"author":[{"embeddable":true,"href":"https:\/\/ascpas.org\/pt-br\/wp-json\/wp\/v2\/users\/1\/"}],"replies":[{"embeddable":true,"href":"https:\/\/ascpas.org\/pt-br\/wp-json\/wp\/v2\/comments\/?post=2424"}],"version-history":[{"count":14,"href":"https:\/\/ascpas.org\/pt-br\/wp-json\/wp\/v2\/pages\/2424\/revisions\/"}],"predecessor-version":[{"id":11746,"href":"https:\/\/ascpas.org\/pt-br\/wp-json\/wp\/v2\/pages\/2424\/revisions\/11746\/"}],"wp:attachment":[{"href":"https:\/\/ascpas.org\/pt-br\/wp-json\/wp\/v2\/media\/?parent=2424"}],"curies":[{"name":"wp","href":"https:\/\/api.w.org\/{rel}","templated":true}]}}