    {"id":2717,"date":"2016-10-25T23:38:18","date_gmt":"2017-02-18T08:34:32","guid":{"rendered":"http:\/\/ascpas.org\/thank-you\/"},"modified":"2017-07-16T14:14:41","modified_gmt":"2017-07-16T18:14:41","slug":"obrigado","status":"publish","type":"page","link":"https:\/\/ascpas.org\/pt-br\/obrigado\/","title":{"rendered":"Obrigado"},"content":{"rendered":"<p>[vc_row rt_row_background_width=&#8221;default&#8221; rt_row_style=&#8221;default-style&#8221; rt_row_borders=&#8221;&#8221; rt_row_paddings=&#8221;true&#8221; rt_bg_effect=&#8221;classic&#8221; rt_bg_image_repeat=&#8221;repeat&#8221; rt_bg_size=&#8221;cover&#8221; rt_bg_position=&#8221;right top&#8221; rt_bg_attachment=&#8221;scroll&#8221; rt_bg_video_format=&#8221;self-hosted&#8221; miscellaneous=&#8221;true&#8221; gap=&#8221;remove-gap&#8221; padding=&#8221;no-padding&#8221;][vc_column rt_wrp_col_paddings=&#8221;false&#8221; rt_border_top=&#8221;&#8221; rt_border_bottom=&#8221;&#8221; rt_border_left=&#8221;&#8221; rt_border_right=&#8221;&#8221; rt_border_top_mobile=&#8221;&#8221; rt_border_bottom_mobile=&#8221;&#8221; rt_border_left_mobile=&#8221;&#8221; rt_border_right_mobile=&#8221;&#8221; rt_bg_image_repeat=&#8221;repeat&#8221; rt_bg_size=&#8221;auto auto&#8221; rt_bg_position=&#8221;right top&#8221; rt_bg_attachment=&#8221;scroll&#8221;][vc_column_text]<\/p>\n<h5 style=\"font-size: 18px; color: #000a45;\">Obrigado por se registrar. Antes que voc\u00ea possa completar sua aplica\u00e7\u00e3o, precisamos que voc\u00ea ative sua inscri\u00e7\u00e3o clicando no link de ativa\u00e7\u00e3o no e-mail que acabamos de enviar.<\/h5>\n<p>&nbsp;<\/p>\n<h5 style=\"font-size: 18px; color: #000a45;\">Escolha abaixo um dos gerenciadores de e-mail para ativar sua inscri\u00e7\u00e3o. Ao clicar no link escolhido, uma nova aba em seu navegador ser\u00e1 aberta para acessar seu e-mail. Caso possua outro gerenciamento de e-mail de sua prefer\u00eancia que n\u00e3o esteja representado logo abaixo, use-o em outra aba de navega\u00e7\u00e3o.<\/h5>\n<p>&nbsp;<\/p>\n<h5 style=\"font-size: 18px; color: #000a45;\">Se voc\u00ea n\u00e3o receber o e-mail para confirmar a conta que voc\u00ea cadastrou, por favor, verifique sua caixa de spam.<\/h5>\n<p>[\/vc_column_text][\/vc_column][\/vc_row][vc_row rt_row_background_width=&#8221;default&#8221; rt_row_style=&#8221;default-style&#8221; rt_row_borders=&#8221;&#8221; rt_row_paddings=&#8221;true&#8221; rt_bg_effect=&#8221;classic&#8221; rt_bg_image_repeat=&#8221;repeat&#8221; rt_bg_size=&#8221;cover&#8221; rt_bg_position=&#8221;right top&#8221; rt_bg_attachment=&#8221;scroll&#8221; rt_bg_video_format=&#8221;self-hosted&#8221;][vc_column width=&#8221;1\/4&#8243; rt_wrp_col_paddings=&#8221;false&#8221; rt_border_top=&#8221;&#8221; rt_border_bottom=&#8221;&#8221; rt_border_left=&#8221;&#8221; rt_border_right=&#8221;&#8221; rt_border_top_mobile=&#8221;&#8221; rt_border_bottom_mobile=&#8221;&#8221; rt_border_left_mobile=&#8221;&#8221; rt_border_right_mobile=&#8221;&#8221; rt_bg_image_repeat=&#8221;repeat&#8221; rt_bg_size=&#8221;auto auto&#8221; rt_bg_position=&#8221;right top&#8221; rt_bg_attachment=&#8221;scroll&#8221;][vc_raw_html]JTNDYSUyMGhyZWYlM0QlMjJodHRwcyUzQSUyRiUyRnd3dy5nb29nbGUuY29tJTJGZ21haWwlMkYlMjIlMjB0YXJnZXQlM0QlMjJfYmxhbmslMjIlM0UlM0NwJTIwYWxpZ24lM0QlMjJjZW50ZXIlMjIlM0UlM0NpbWclMjBzcmMlM0QlMjJodHRwcyUzQSUyRiUyRnd3dy5hc2NwYXMub3JnJTJGd3AtY29udGVudCUyRnVwbG9hZHMlMkYyMDE2JTJGMTAlMkZnbWFpbC1pY29uLnBuZyUyMiUyMCUyRiUzRSUzQyUyRnAlM0UlMEElM0NwJTIwYWxpZ24lM0QlMjJjZW50ZXIlMjIlMjBzdHlsZSUzRCUyMmNvbG9yJTNBJTIwJTIzYTYwOTA5JTNCJTIyJTNFJTNDc3Ryb25nJTNFR21haWwlM0MlMkZzdHJvbmclM0UlM0MlMkZwJTNFJTNDJTJGYSUzRQ==[\/vc_raw_html][\/vc_column][vc_column width=&#8221;1\/4&#8243; rt_wrp_col_paddings=&#8221;false&#8221; rt_border_top=&#8221;&#8221; rt_border_bottom=&#8221;&#8221; rt_border_left=&#8221;&#8221; rt_border_right=&#8221;&#8221; rt_border_top_mobile=&#8221;&#8221; rt_border_bottom_mobile=&#8221;&#8221; rt_border_left_mobile=&#8221;&#8221; rt_border_right_mobile=&#8221;&#8221; rt_bg_image_repeat=&#8221;repeat&#8221; rt_bg_size=&#8221;auto auto&#8221; rt_bg_position=&#8221;right top&#8221; rt_bg_attachment=&#8221;scroll&#8221;][vc_raw_html]JTNDYSUyMGhyZWYlM0QlMjJodHRwcyUzQSUyRiUyRmxvZ2luLnlhaG9vLmNvbSUyRmNvbmZpZyUyRm1haWwlM0YlMjYuc3JjJTNEeW0lMjYuaW50bCUzRGJyJTIyJTIwdGFyZ2V0JTNEJTIyX2JsYW5rJTIyJTNFJTNDcCUyMGFsaWduJTNEJTIyY2VudGVyJTIyJTNFJTNDaW1nJTIwc3JjJTNEJTIyaHR0cHMlM0ElMkYlMkZ3d3cuYXNjcGFzLm9yZyUyRndwLWNvbnRlbnQlMkZ1cGxvYWRzJTJGMjAxNiUyRjEwJTJGeWFob28taWNvbi5wbmclMjIlMjAlMkYlM0UlM0MlMkZwJTNFJTBBJTNDcCUyMGFsaWduJTNEJTIyY2VudGVyJTIyJTIwc3R5bGUlM0QlMjJjb2xvciUzQSUyMCUyMzgzMDRiMyUzQiUyMiUzRSUzQ3N0cm9uZyUzRVlhaG9vJTIxJTIwTWFpbCUzQyUyRnN0cm9uZyUzRSUzQyUyRnAlM0UlM0MlMkZhJTNF[\/vc_raw_html][\/vc_column][vc_column width=&#8221;1\/4&#8243; rt_wrp_col_paddings=&#8221;false&#8221; rt_border_top=&#8221;&#8221; rt_border_bottom=&#8221;&#8221; rt_border_left=&#8221;&#8221; rt_border_right=&#8221;&#8221; rt_border_top_mobile=&#8221;&#8221; rt_border_bottom_mobile=&#8221;&#8221; rt_border_left_mobile=&#8221;&#8221; rt_border_right_mobile=&#8221;&#8221; rt_bg_image_repeat=&#8221;repeat&#8221; rt_bg_size=&#8221;auto auto&#8221; rt_bg_position=&#8221;right top&#8221; rt_bg_attachment=&#8221;scroll&#8221;][vc_raw_html]JTNDYSUyMGhyZWYlM0QlMjJodHRwcyUzQSUyRiUyRmxvZ2luLmxpdmUuY29tJTJGJTIyJTIwdGFyZ2V0JTNEJTIyX2JsYW5rJTIyJTNFJTNDcCUyMGFsaWduJTNEJTIyY2VudGVyJTIyJTNFJTNDaW1nJTIwc3JjJTNEJTIyaHR0cHMlM0ElMkYlMkZ3d3cuYXNjcGFzLm9yZyUyRndwLWNvbnRlbnQlMkZ1cGxvYWRzJTJGMjAxNiUyRjEwJTJGaG90bWFpbC1pY29uLnBuZyUyMiUyMCUyRiUzRSUzQyUyRnAlM0UlMEElM0NwJTIwYWxpZ24lM0QlMjJjZW50ZXIlMjIlMjBzdHlsZSUzRCUyMmNvbG9yJTNBJTIwJTIzZTE2OTAwJTNCJTIyJTNFJTNDc3Ryb25nJTNFSG90bWFpbCUzQyUyRnN0cm9uZyUzRSUzQyUyRnAlM0UlM0MlMkZhJTNF[\/vc_raw_html][\/vc_column][vc_column width=&#8221;1\/4&#8243; rt_wrp_col_paddings=&#8221;false&#8221; rt_border_top=&#8221;&#8221; rt_border_bottom=&#8221;&#8221; rt_border_left=&#8221;&#8221; rt_border_right=&#8221;&#8221; rt_border_top_mobile=&#8221;&#8221; rt_border_bottom_mobile=&#8221;&#8221; rt_border_left_mobile=&#8221;&#8221; rt_border_right_mobile=&#8221;&#8221; rt_bg_image_repeat=&#8221;repeat&#8221; rt_bg_size=&#8221;auto auto&#8221; rt_bg_position=&#8221;right top&#8221; rt_bg_attachment=&#8221;scroll&#8221;][vc_raw_html]JTNDYSUyMGhyZWYlM0QlMjJodHRwcyUzQSUyRiUyRmxvZ2luLmxpdmUuY29tJTJGbG9naW4uc3JmJTNGd2ElM0R3c2lnbmluMS4wJTI2Y3QlM0QxNDc3NDMwMjA4JTI2cnZlciUzRDYuNi42NTU2LjAlMjZ3cCUzRE1CSV9TU0wlMjZ3cmVwbHklM0RodHRwcyUzQSUyNTJGJTI1MkZvdXRsb29rLmxpdmUuY29tJTI1MkZvd2ElMjUyRiUyNmlkJTNEMjkyODQxJTI2Q0JDWFQlM0RvdXQlMjZjb2JyYW5kaWQlM0Q5MDAxNSUyMiUyMHRhcmdldCUzRCUyMl9ibGFuayUyMiUzRSUzQ3AlMjBhbGlnbiUzRCUyMmNlbnRlciUyMiUzRSUzQ2ltZyUyMHNyYyUzRCUyMmh0dHBzJTNBJTJGJTJGd3d3LmFzY3Bhcy5vcmclMkZ3cC1jb250ZW50JTJGdXBsb2FkcyUyRjIwMTYlMkYxMCUyRm91dGxvb2staWNvbi5wbmclMjIlMjAlMkYlM0UlM0MlMkZwJTNFJTBBJTNDcCUyMGFsaWduJTNEJTIyY2VudGVyJTIyJTIwc3R5bGUlM0QlMjJjb2xvciUzQSUyMCUyMzAwNjhiMiUzQiUyMiUzRSUzQ3N0cm9uZyUzRU91dGxvb2slM0MlMkZzdHJvbmclM0UlM0MlMkZwJTNFJTNDJTJGYSUzRQ==[\/vc_raw_html][\/vc_column][\/vc_row][vc_row rt_row_background_width=&#8221;default&#8221; rt_row_style=&#8221;default-style&#8221; rt_row_borders=&#8221;&#8221; rt_row_paddings=&#8221;true&#8221; rt_bg_effect=&#8221;classic&#8221; rt_bg_image_repeat=&#8221;repeat&#8221; rt_bg_size=&#8221;cover&#8221; rt_bg_position=&#8221;right top&#8221; rt_bg_attachment=&#8221;scroll&#8221; rt_bg_video_format=&#8221;self-hosted&#8221; miscellaneous=&#8221;true&#8221; gap=&#8221;remove-gap&#8221; padding=&#8221;no-padding&#8221;][vc_column width=&#8221;1\/4&#8243; rt_wrp_col_paddings=&#8221;false&#8221; rt_border_top=&#8221;&#8221; rt_border_bottom=&#8221;&#8221; rt_border_left=&#8221;&#8221; rt_border_right=&#8221;&#8221; rt_border_top_mobile=&#8221;&#8221; rt_border_bottom_mobile=&#8221;&#8221; rt_border_left_mobile=&#8221;&#8221; rt_border_right_mobile=&#8221;&#8221; rt_bg_image_repeat=&#8221;repeat&#8221; rt_bg_size=&#8221;auto auto&#8221; rt_bg_position=&#8221;right top&#8221; rt_bg_attachment=&#8221;scroll&#8221;][\/vc_column][vc_column width=&#8221;1\/2&#8243; rt_wrp_col_paddings=&#8221;false&#8221; rt_border_top=&#8221;&#8221; rt_border_bottom=&#8221;&#8221; rt_border_left=&#8221;&#8221; rt_border_right=&#8221;&#8221; rt_border_top_mobile=&#8221;&#8221; rt_border_bottom_mobile=&#8221;&#8221; rt_border_left_mobile=&#8221;&#8221; rt_border_right_mobile=&#8221;&#8221; rt_bg_image_repeat=&#8221;repeat&#8221; rt_bg_size=&#8221;auto auto&#8221; rt_bg_position=&#8221;right top&#8221; rt_bg_attachment=&#8221;scroll&#8221;][vc_column_text]<\/p>\n<div class=\"obrigado\" align=\"center\"><img decoding=\"async\" src=\"https:\/\/ascpas.org\/wp-content\/uploads\/2016\/10\/thumbs-up.png\" \/><\/div>\n<p class=\"seutempo\" align=\"center\"><strong>Obrigado pelo seu tempo!<\/strong><\/p>\n<p>[\/vc_column_text][\/vc_column][vc_column width=&#8221;1\/4&#8243; rt_wrp_col_paddings=&#8221;false&#8221; rt_border_top=&#8221;&#8221; rt_border_bottom=&#8221;&#8221; rt_border_left=&#8221;&#8221; rt_border_right=&#8221;&#8221; rt_border_top_mobile=&#8221;&#8221; rt_border_bottom_mobile=&#8221;&#8221; rt_border_left_mobile=&#8221;&#8221; rt_border_right_mobile=&#8221;&#8221; rt_bg_image_repeat=&#8221;repeat&#8221; rt_bg_size=&#8221;auto auto&#8221; rt_bg_position=&#8221;right top&#8221; rt_bg_attachment=&#8221;scroll&#8221;][\/vc_column][\/vc_row]<\/p>\n","protected":false},"excerpt":{"rendered":"<p>[vc_row rt_row_background_width=&#8221;default&#8221; rt_row_style=&#8221;default-style&#8221; rt_row_borders=&#8221;&#8221; rt_row_paddings=&#8221;true&#8221; rt_bg_effect=&#8221;classic&#8221; rt_bg_image_repeat=&#8221;repeat&#8221; rt_bg_size=&#8221;cover&#8221; rt_bg_position=&#8221;right top&#8221; rt_bg_attachment=&#8221;scroll&#8221; rt_bg_video_format=&#8221;self-hosted&#8221; miscellaneous=&#8221;true&#8221; gap=&#8221;remove-gap&#8221; padding=&#8221;no-padding&#8221;][vc_column rt_wrp_col_paddings=&#8221;false&#8221; rt_border_top=&#8221;&#8221; rt_border_bottom=&#8221;&#8221; rt_border_left=&#8221;&#8221; rt_border_right=&#8221;&#8221; rt_border_top_mobile=&#8221;&#8221; rt_border_bottom_mobile=&#8221;&#8221; rt_border_left_mobile=&#8221;&#8221; rt_border_right_mobile=&#8221;&#8221; rt_bg_image_repeat=&#8221;repeat&#8221; rt_bg_size=&#8221;auto auto&#8221; rt_bg_position=&#8221;right top&#8221; rt_bg_attachment=&#8221;scroll&#8221;][vc_column_text] Obrigado por se registrar. Antes que voc\u00ea possa completar sua aplica\u00e7\u00e3o, precisamos que voc\u00ea ative sua inscri\u00e7\u00e3o clicando no link de ativa\u00e7\u00e3o no e-mail que [&hellip;]<\/p>\n","protected":false},"author":1,"featured_media":0,"parent":0,"menu_order":0,"comment_status":"closed","ping_status":"closed","template":"","meta":{"footnotes":""},"_links":{"self":[{"href":"https:\/\/ascpas.org\/pt-br\/wp-json\/wp\/v2\/pages\/2717\/"}],"collection":[{"href":"https:\/\/ascpas.org\/pt-br\/wp-json\/wp\/v2\/pages\/"}],"about":[{"href":"https:\/\/ascpas.org\/pt-br\/wp-json\/wp\/v2\/types\/page\/"}],"author":[{"embeddable":true,"href":"https:\/\/ascpas.org\/pt-br\/wp-json\/wp\/v2\/users\/1\/"}],"replies":[{"embeddable":true,"href":"https:\/\/ascpas.org\/pt-br\/wp-json\/wp\/v2\/comments\/?post=2717"}],"version-history":[{"count":5,"href":"https:\/\/ascpas.org\/pt-br\/wp-json\/wp\/v2\/pages\/2717\/revisions\/"}],"predecessor-version":[{"id":5966,"href":"https:\/\/ascpas.org\/pt-br\/wp-json\/wp\/v2\/pages\/2717\/revisions\/5966\/"}],"wp:attachment":[{"href":"https:\/\/ascpas.org\/pt-br\/wp-json\/wp\/v2\/media\/?parent=2717"}],"curies":[{"name":"wp","href":"https:\/\/api.w.org\/{rel}","templated":true}]}}