    {"id":3241,"date":"2017-02-28T20:45:36","date_gmt":"2017-03-01T01:53:11","guid":{"rendered":"https:\/\/www.ascpas.org\/loja\/"},"modified":"2017-08-04T14:00:20","modified_gmt":"2017-08-04T18:00:20","slug":"loja","status":"publish","type":"page","link":"https:\/\/ascpas.org\/pt-br\/loja\/","title":{"rendered":"Loja"},"content":{"rendered":"<p><font color=\"##750000\"><span class=\"rt-icon exclamation-circle \"><\/span> Nota: Apenas\u00a0usu\u00e1rios registrados e logados poder\u00e3o adicionar produtos de filia\u00e7\u00e3o ao carrinho. <a href=\"https:\/\/ascpas.org\/pt-br\/cadastrar\/\">N\u00e3o possui conta ainda? Cadastre-se!<\/a><br \/>\n<\/font><\/p>\n","protected":false},"excerpt":{"rendered":"<p>Nota: Apenas\u00a0usu\u00e1rios registrados e logados poder\u00e3o adicionar produtos de filia\u00e7\u00e3o ao carrinho. N\u00e3o possui conta ainda? Cadastre-se!<\/p>\n","protected":false},"author":1,"featured_media":0,"parent":0,"menu_order":0,"comment_status":"closed","ping_status":"closed","template":"","meta":{"footnotes":""},"_links":{"self":[{"href":"https:\/\/ascpas.org\/pt-br\/wp-json\/wp\/v2\/pages\/3241\/"}],"collection":[{"href":"https:\/\/ascpas.org\/pt-br\/wp-json\/wp\/v2\/pages\/"}],"about":[{"href":"https:\/\/ascpas.org\/pt-br\/wp-json\/wp\/v2\/types\/page\/"}],"author":[{"embeddable":true,"href":"https:\/\/ascpas.org\/pt-br\/wp-json\/wp\/v2\/users\/1\/"}],"replies":[{"embeddable":true,"href":"https:\/\/ascpas.org\/pt-br\/wp-json\/wp\/v2\/comments\/?post=3241"}],"version-history":[{"count":5,"href":"https:\/\/ascpas.org\/pt-br\/wp-json\/wp\/v2\/pages\/3241\/revisions\/"}],"predecessor-version":[{"id":6509,"href":"https:\/\/ascpas.org\/pt-br\/wp-json\/wp\/v2\/pages\/3241\/revisions\/6509\/"}],"wp:attachment":[{"href":"https:\/\/ascpas.org\/pt-br\/wp-json\/wp\/v2\/media\/?parent=3241"}],"curies":[{"name":"wp","href":"https:\/\/api.w.org\/{rel}","templated":true}]}}