    {"id":6963,"date":"2017-10-01T07:05:44","date_gmt":"2017-10-01T11:05:44","guid":{"rendered":"https:\/\/www.ascpas.org\/donations-and-grants\/"},"modified":"2018-02-28T14:36:47","modified_gmt":"2018-02-28T19:36:47","slug":"doacoes","status":"publish","type":"page","link":"https:\/\/ascpas.org\/pt-br\/doacoes\/","title":{"rendered":"Doa\u00e7\u00f5es"},"content":{"rendered":"<p>[vc_row rt_row_background_width=&#8221;default&#8221; rt_row_style=&#8221;default-style&#8221; rt_row_borders=&#8221;&#8221; rt_row_paddings=&#8221;true&#8221; rt_bg_effect=&#8221;classic&#8221; rt_bg_image_repeat=&#8221;repeat&#8221; rt_bg_size=&#8221;cover&#8221; rt_bg_position=&#8221;right top&#8221; rt_bg_attachment=&#8221;scroll&#8221; rt_bg_video_format=&#8221;self-hosted&#8221;][vc_column rt_wrp_col_paddings=&#8221;false&#8221; rt_border_top=&#8221;&#8221; rt_border_bottom=&#8221;&#8221; rt_border_left=&#8221;&#8221; rt_border_right=&#8221;&#8221; rt_border_top_mobile=&#8221;&#8221; rt_border_bottom_mobile=&#8221;&#8221; rt_border_left_mobile=&#8221;&#8221; rt_border_right_mobile=&#8221;&#8221; rt_bg_image_repeat=&#8221;repeat&#8221; rt_bg_size=&#8221;auto auto&#8221; rt_bg_position=&#8221;right top&#8221; rt_bg_attachment=&#8221;scroll&#8221;][vc_raw_html]JTNDcCUyMGNsYXNzJTNEJTIyb3VyLWltZyUyMiUyMGFsaWduJTNEJTIyY2VudGVyJTIyJTNFJTNDaW1nJTIwc3R5bGUlM0QlMjJib3JkZXIlM0ElMjAxcHglMjBzb2xpZCUyMCUyMzc1MDAwMCUyMiUyMGNsYXNzJTNEJTIyc2l6ZS1sYXJnZSUyMHdwLWltYWdlLTUyNTQlMjBhbGlnbmNlbnRlciUyMiUyMHNyYyUzRCUyMmh0dHBzJTNBJTJGJTJGd3d3LmFzY3Bhcy5vcmclMkZ3cC1jb250ZW50JTJGdXBsb2FkcyUyRjIwMTclMkYxMCUyRmRvbmF0aW9ucy0zMDB4MjAwLmpwZyUyMiUyMGFsdCUzRCUyMiUyMiUyMCUyRiUzRSUzQyUyRnAlM0U=[\/vc_raw_html][vc_column_text]A <b>Associa\u00e7\u00e3o de Capel\u00e3es e Pastores (ASCPAS)<\/b> \u00e9 uma organiza\u00e7\u00e3o religiosa sem fins lucrativos. Sua contribui\u00e7\u00e3o para a associa\u00e7\u00e3o ajudar\u00e1 nossos projetos religiosos e sociais. N\u00f3s aceitamos doa\u00e7\u00f5es de todos os tipos para apoiar nosso trabalho. Todas as doa\u00e7\u00f5es ser\u00e3o direcionadas \u00e0s \u00e1reas de maior necessidade. Ao fazer uma doa\u00e7\u00e3o, voc\u00ea pode nos ajudar a mudar a vida das pessoas para melhor.[\/vc_column_text]<div class=\"rt_heading_wrapper style-3\">\n\t\t\t\t\t\t<h2 class=\"rt_heading  style-3\"  style=\"margin-top:30px;\"><span class=\"icon-heart-1 heading_icon\"><\/span>Doa\u00e7\u00e3o Online<\/h2>\n\t\t\t\t\t<\/div>[vc_column_text]<\/p>\n<p align=\"center\">Voc\u00ea pode fazer uma doa\u00e7\u00e3o online atrav\u00e9s de nosso formul\u00e1rio de doa\u00e7\u00e3o. O valor m\u00ednimo para cada doa\u00e7\u00e3o \u00e9 de $10. <a href=\"https:\/\/ascpas.org\/register\/\">Voc\u00ea precisar\u00e1 se cadastrar primeiro antes de fazer uma doa\u00e7\u00e3o online.<\/a><\/p>\n<p>[fp_donation_form][\/vc_column_text][\/vc_column][\/vc_row]<\/p>\n","protected":false},"excerpt":{"rendered":"<p>[vc_row rt_row_background_width=&#8221;default&#8221; rt_row_style=&#8221;default-style&#8221; rt_row_borders=&#8221;&#8221; rt_row_paddings=&#8221;true&#8221; rt_bg_effect=&#8221;classic&#8221; rt_bg_image_repeat=&#8221;repeat&#8221; rt_bg_size=&#8221;cover&#8221; rt_bg_position=&#8221;right top&#8221; rt_bg_attachment=&#8221;scroll&#8221; rt_bg_video_format=&#8221;self-hosted&#8221;][vc_column rt_wrp_col_paddings=&#8221;false&#8221; rt_border_top=&#8221;&#8221; rt_border_bottom=&#8221;&#8221; rt_border_left=&#8221;&#8221; rt_border_right=&#8221;&#8221; rt_border_top_mobile=&#8221;&#8221; rt_border_bottom_mobile=&#8221;&#8221; rt_border_left_mobile=&#8221;&#8221; rt_border_right_mobile=&#8221;&#8221; rt_bg_image_repeat=&#8221;repeat&#8221; rt_bg_size=&#8221;auto auto&#8221; rt_bg_position=&#8221;right top&#8221; rt_bg_attachment=&#8221;scroll&#8221;][vc_raw_html]JTNDcCUyMGNsYXNzJTNEJTIyb3VyLWltZyUyMiUyMGFsaWduJTNEJTIyY2VudGVyJTIyJTNFJTNDaW1nJTIwc3R5bGUlM0QlMjJib3JkZXIlM0ElMjAxcHglMjBzb2xpZCUyMCUyMzc1MDAwMCUyMiUyMGNsYXNzJTNEJTIyc2l6ZS1sYXJnZSUyMHdwLWltYWdlLTUyNTQlMjBhbGlnbmNlbnRlciUyMiUyMHNyYyUzRCUyMmh0dHBzJTNBJTJGJTJGd3d3LmFzY3Bhcy5vcmclMkZ3cC1jb250ZW50JTJGdXBsb2FkcyUyRjIwMTclMkYxMCUyRmRvbmF0aW9ucy0zMDB4MjAwLmpwZyUyMiUyMGFsdCUzRCUyMiUyMiUyMCUyRiUzRSUzQyUyRnAlM0U=[\/vc_raw_html][vc_column_text]A Associa\u00e7\u00e3o de Capel\u00e3es e Pastores (ASCPAS) \u00e9 uma organiza\u00e7\u00e3o religiosa sem fins lucrativos. Sua contribui\u00e7\u00e3o para a associa\u00e7\u00e3o ajudar\u00e1 nossos projetos religiosos e sociais. N\u00f3s aceitamos doa\u00e7\u00f5es de [&hellip;]<\/p>\n","protected":false},"author":1,"featured_media":0,"parent":0,"menu_order":0,"comment_status":"closed","ping_status":"closed","template":"","meta":{"footnotes":""},"_links":{"self":[{"href":"https:\/\/ascpas.org\/pt-br\/wp-json\/wp\/v2\/pages\/6963\/"}],"collection":[{"href":"https:\/\/ascpas.org\/pt-br\/wp-json\/wp\/v2\/pages\/"}],"about":[{"href":"https:\/\/ascpas.org\/pt-br\/wp-json\/wp\/v2\/types\/page\/"}],"author":[{"embeddable":true,"href":"https:\/\/ascpas.org\/pt-br\/wp-json\/wp\/v2\/users\/1\/"}],"replies":[{"embeddable":true,"href":"https:\/\/ascpas.org\/pt-br\/wp-json\/wp\/v2\/comments\/?post=6963"}],"version-history":[{"count":9,"href":"https:\/\/ascpas.org\/pt-br\/wp-json\/wp\/v2\/pages\/6963\/revisions\/"}],"predecessor-version":[{"id":8339,"href":"https:\/\/ascpas.org\/pt-br\/wp-json\/wp\/v2\/pages\/6963\/revisions\/8339\/"}],"wp:attachment":[{"href":"https:\/\/ascpas.org\/pt-br\/wp-json\/wp\/v2\/media\/?parent=6963"}],"curies":[{"name":"wp","href":"https:\/\/api.w.org\/{rel}","templated":true}]}}